{"id":483,"date":"2025-10-21T16:11:53","date_gmt":"2025-10-21T16:11:53","guid":{"rendered":"https:\/\/vozdigital.net\/?page_id=483"},"modified":"2025-11-07T15:40:04","modified_gmt":"2025-11-07T15:40:04","slug":"sectores-vozdigital","status":"publish","type":"page","link":"https:\/\/vozdigital.net\/index.php\/inicio\/sectores-vozdigital\/","title":{"rendered":"SECTORES y MERCADOS"},"content":{"rendered":"<p>[et_pb_section fb_built=\u00bb1&#8243; next_background_color=\u00bb#ffffff\u00bb _builder_version=\u00bb4.27.4&#8243; _module_preset=\u00bbdefault\u00bb background_color=\u00bb#0099e5&#8243; use_background_color_gradient=\u00bbon\u00bb background_color_gradient_direction=\u00bb135deg\u00bb background_color_gradient_stops=\u00bb#0077b3 0%|#0099e5 100%\u00bb background_image=\u00bbhttps:\/\/vozdigital.net\/wp-content\/uploads\/2025\/05\/Recurso-1.png\u00bb background_size=\u00bbinitial\u00bb background_position=\u00bbtop_left\u00bb background_blend=\u00bbsoft-light\u00bb custom_padding=\u00bb0px||72px|||\u00bb bottom_divider_style=\u00bbarrow2&#8243; bottom_divider_height=\u00bb74px\u00bb bottom_divider_repeat=\u00bb1x\u00bb locked=\u00bboff\u00bb global_colors_info=\u00bb{}\u00bb][et_pb_row _builder_version=\u00bb4.27.4&#8243; _module_preset=\u00bbdefault\u00bb custom_padding=\u00bb||0px|||\u00bb global_colors_info=\u00bb{}\u00bb][et_pb_column type=\u00bb4_4&#8243; _builder_version=\u00bb4.27.4&#8243; _module_preset=\u00bbdefault\u00bb global_colors_info=\u00bb{}\u00bb][et_pb_text _builder_version=\u00bb4.27.4&#8243; _module_preset=\u00bbdefault\u00bb text_font=\u00bb||||||||\u00bb text_text_color=\u00bb#FFFFFF\u00bb text_font_size=\u00bb16px\u00bb header_font=\u00bb|700|||||||\u00bb header_text_color=\u00bb#FFFFFF\u00bb header_font_size=\u00bb50px\u00bb header_line_height=\u00bb1.2em\u00bb custom_margin=\u00bb55px|||||\u00bb animation_style=\u00bbfade\u00bb header_font_size_tablet=\u00bb50px\u00bb header_font_size_phone=\u00bb41px\u00bb header_font_size_last_edited=\u00bbon|phone\u00bb global_colors_info=\u00bb{}\u00bb]<\/p>\n<h1>SOLUCIONES DISE\u00d1ADAS PARA CADA INDUSTRIA, EN CADA ETAPA DEL NEGOCIO<\/h1>\n<p data-start=\"343\" data-end=\"514\">Vozdigital impulsa la comunicaci\u00f3n en todas las etapas del recorrido del cliente: desde la atracci\u00f3n y conversi\u00f3n hasta la atenci\u00f3n y fidelizaci\u00f3n.<br data-start=\"671\" data-end=\"674\" \/>Una plataforma omnicanal que integra voz, mensajer\u00eda y automatizaci\u00f3n para marketing, ventas, soporte y operaciones, en cualquier industria.<\/p>\n<p>[\/et_pb_text][\/et_pb_column][\/et_pb_row][\/et_pb_section][et_pb_section fb_built=\u00bb1&#8243; module_id=\u00bbsoluciones\u00bb _builder_version=\u00bb4.27.4&#8243; _module_preset=\u00bbdefault\u00bb locked=\u00bboff\u00bb global_colors_info=\u00bb{}\u00bb][et_pb_row _builder_version=\u00bb4.27.4&#8243; _module_preset=\u00bbdefault\u00bb global_colors_info=\u00bb{}\u00bb][et_pb_column type=\u00bb4_4&#8243; _builder_version=\u00bb4.27.4&#8243; _module_preset=\u00bbdefault\u00bb global_colors_info=\u00bb{}\u00bb][et_pb_text _builder_version=\u00bb4.27.4&#8243; _module_preset=\u00bbdefault\u00bb text_font_size=\u00bb1.25rem\u00bb header_2_font=\u00bb|700|||||||\u00bb header_2_text_color=\u00bb#008EFF\u00bb header_2_font_size=\u00bb3rem\u00bb header_2_line_height=\u00bb1.2em\u00bb text_orientation=\u00bbcenter\u00bb global_colors_info=\u00bb{}\u00bb]<\/p>\n<h2>Conectamos a las empresas con sus clientes, y a los equipos con sus objetivos.<\/h2>\n<p>Entendemos que la comunicaci\u00f3n no termina en la atenci\u00f3n al cliente. Por eso, nuestras soluciones tambi\u00e9n acompa\u00f1an a los equipos de <strong data-start=\"1094\" data-end=\"1107\">marketing<\/strong>, <strong data-start=\"1109\" data-end=\"1119\">ventas<\/strong>, <strong data-start=\"1121\" data-end=\"1133\">cobranza<\/strong>, <strong data-start=\"1135\" data-end=\"1148\">postventa<\/strong> y <strong data-start=\"1151\" data-end=\"1166\">operaciones<\/strong> en su crecimiento diario.<br data-start=\"1192\" data-end=\"1195\" \/>Vozdigital ayuda a <strong data-start=\"1214\" data-end=\"1319\">atraer nuevos clientes, convertir oportunidades y mejorar la experiencia de quienes ya conf\u00edan en vos<\/strong>, con tecnolog\u00eda dise\u00f1ada para adaptarse a cada sector y a la forma en que tus equipos trabajan.<\/p>\n<p>[\/et_pb_text][\/et_pb_column][\/et_pb_row][et_pb_row column_structure=\u00bb1_4,1_4,1_4,1_4&#8243; make_equal=\u00bbon\u00bb _builder_version=\u00bb4.27.4&#8243; _module_preset=\u00bbdefault\u00bb custom_padding=\u00bb||0px|||\u00bb locked=\u00bboff\u00bb global_colors_info=\u00bb{}\u00bb][et_pb_column type=\u00bb1_4&#8243; _builder_version=\u00bb4.27.4&#8243; _module_preset=\u00bbdefault\u00bb background_color=\u00bb#FFFFFF\u00bb border_radii=\u00bbon|1rem|1rem|1rem|1rem\u00bb border_width_all=\u00bb1px\u00bb border_color_all=\u00bb#e5e7eb\u00bb box_shadow_style=\u00bbpreset1&#8243; box_shadow_blur=\u00bb5px\u00bb global_colors_info=\u00bb{}\u00bb border_color_all__hover_enabled=\u00bbon|desktop\u00bb border_color_all__hover=\u00bbrgba(0,153,229,0.2)\u00bb][et_pb_text _builder_version=\u00bb4.27.4&#8243; _module_preset=\u00bbdefault\u00bb header_3_font=\u00bb|700|||||||\u00bb text_orientation=\u00bbcenter\u00bb custom_padding=\u00bb2rem|2rem|2rem|2rem|true|true\u00bb global_colors_info=\u00bb{}\u00bb]<\/p>\n<div class=\"sector-icon\">\n<img decoding=\"async\" src=\"https:\/\/vozdigital.net\/wp-content\/uploads\/2025\/05\/22-r4uv8grg2k2uebdycd2pxv9lrd7eyxrr6utwgxj8fo.png.png\" alt=\"\">\n <\/div>\n<h3>SALUD<\/h3>\n<p>Optimizaci\u00f3n de agendas, recordatorios y seguimiento a pacientes[\/et_pb_text][et_pb_button button_url=\u00bb@ET-DC@eyJkeW5hbWljIjp0cnVlLCJjb250ZW50IjoicG9zdF9saW5rX3VybF9wYWdlIiwic2V0dGluZ3MiOnsicG9zdF9pZCI6IjQ2NyJ9fQ==@\u00bb url_new_window=\u00bbon\u00bb button_text=\u00bbLeer m\u00e1s\u00bb button_alignment=\u00bbcenter\u00bb _builder_version=\u00bb4.27.4&#8243; _dynamic_attributes=\u00bbbutton_url\u00bb _module_preset=\u00bbdefault\u00bb custom_margin=\u00bb-60px||20px||false|false\u00bb global_colors_info=\u00bb{}\u00bb][\/et_pb_button][\/et_pb_column][et_pb_column type=\u00bb1_4&#8243; _builder_version=\u00bb4.27.4&#8243; _module_preset=\u00bbdefault\u00bb background_color=\u00bb#FFFFFF\u00bb border_radii=\u00bbon|1rem|1rem|1rem|1rem\u00bb border_width_all=\u00bb1px\u00bb border_color_all=\u00bb#e5e7eb\u00bb box_shadow_style=\u00bbpreset1&#8243; box_shadow_blur=\u00bb5px\u00bb global_colors_info=\u00bb{}\u00bb border_color_all__hover=\u00bbrgba(0,153,229,0.2)\u00bb border_color_all__hover_enabled=\u00bbon|desktop\u00bb][et_pb_text _builder_version=\u00bb4.27.4&#8243; _module_preset=\u00bbdefault\u00bb header_3_font=\u00bb|700||on|||||\u00bb text_orientation=\u00bbcenter\u00bb custom_padding=\u00bb2rem|2rem|2rem|2rem|true|true\u00bb global_colors_info=\u00bb{}\u00bb]<\/p>\n<div class=\"sector-icon\">\n<img decoding=\"async\" src=\"https:\/\/vozdigital.net\/wp-content\/uploads\/2025\/05\/23-r4uv8lgn0q9a0d74kx3usc2wqak91faevi3bvbc9kk.png.png\" alt=\"\"><\/div>\n<h3>FINTECH<\/h3>\n<p>Interacciones seguras, escalables y 100% trazables.[\/et_pb_text][et_pb_button button_url=\u00bb@ET-DC@eyJkeW5hbWljIjp0cnVlLCJjb250ZW50IjoicG9zdF9saW5rX3VybF9wYWdlIiwic2V0dGluZ3MiOnsicG9zdF9pZCI6IjE2MiJ9fQ==@\u00bb url_new_window=\u00bbon\u00bb button_text=\u00bbLeer m\u00e1s\u00bb button_alignment=\u00bbcenter\u00bb _builder_version=\u00bb4.27.4&#8243; _dynamic_attributes=\u00bbbutton_url\u00bb _module_preset=\u00bbdefault\u00bb custom_margin=\u00bb-60px||20px||false|false\u00bb locked=\u00bboff\u00bb global_colors_info=\u00bb{}\u00bb][\/et_pb_button][\/et_pb_column][et_pb_column type=\u00bb1_4&#8243; _builder_version=\u00bb4.27.4&#8243; _module_preset=\u00bbdefault\u00bb background_color=\u00bb#FFFFFF\u00bb border_radii=\u00bbon|1rem|1rem|1rem|1rem\u00bb border_width_all=\u00bb1px\u00bb border_color_all=\u00bb#e5e7eb\u00bb box_shadow_style=\u00bbpreset1&#8243; box_shadow_blur=\u00bb5px\u00bb global_colors_info=\u00bb{}\u00bb border_color_all__hover=\u00bbrgba(0,153,229,0.2)\u00bb border_color_all__hover_enabled=\u00bbon|desktop\u00bb][et_pb_text _builder_version=\u00bb4.27.4&#8243; _module_preset=\u00bbdefault\u00bb header_3_font=\u00bb|700||on|||||\u00bb header_3_font_size=\u00bb18px\u00bb text_orientation=\u00bbcenter\u00bb custom_padding=\u00bb2rem|2rem|2rem|2rem|true|true\u00bb global_colors_info=\u00bb{}\u00bb]<\/p>\n<div class=\"sector-icon\"><img decoding=\"async\" src=\"https:\/\/vozdigital.net\/wp-content\/uploads\/2025\/05\/24-r4uv8oa5l8d4z7314gbqhtdaig6coillvw1sb5831w.png.png\" alt=\"\" \/><\/div>\n<h3>Concesionarios<\/h3>\n<p>Gesti\u00f3n de leads, agenda test drives y seguimiento postventa.<\/p>\n<p>[\/et_pb_text][et_pb_button button_url=\u00bb@ET-DC@eyJkeW5hbWljIjp0cnVlLCJjb250ZW50IjoicG9zdF9saW5rX3VybF9wYWdlIiwic2V0dGluZ3MiOnsicG9zdF9pZCI6IjQ2NCJ9fQ==@\u00bb url_new_window=\u00bbon\u00bb button_text=\u00bbLeer m\u00e1s\u00bb button_alignment=\u00bbcenter\u00bb _builder_version=\u00bb4.27.4&#8243; _dynamic_attributes=\u00bbbutton_url\u00bb _module_preset=\u00bbdefault\u00bb custom_margin=\u00bb-60px||20px||false|false\u00bb locked=\u00bboff\u00bb global_colors_info=\u00bb{}\u00bb][\/et_pb_button][\/et_pb_column][et_pb_column type=\u00bb1_4&#8243; _builder_version=\u00bb4.27.4&#8243; _module_preset=\u00bbdefault\u00bb background_color=\u00bb#FFFFFF\u00bb border_radii=\u00bbon|1rem|1rem|1rem|1rem\u00bb border_width_all=\u00bb1px\u00bb border_color_all=\u00bb#e5e7eb\u00bb box_shadow_style=\u00bbpreset1&#8243; box_shadow_blur=\u00bb5px\u00bb global_colors_info=\u00bb{}\u00bb border_color_all__hover=\u00bbrgba(0,153,229,0.2)\u00bb border_color_all__hover_enabled=\u00bbon|desktop\u00bb][et_pb_text _builder_version=\u00bb4.27.4&#8243; _module_preset=\u00bbdefault\u00bb header_3_font=\u00bb|700||on|||||\u00bb header_3_font_size=\u00bb18px\u00bb text_orientation=\u00bbcenter\u00bb custom_padding=\u00bb2rem|2rem|2rem|2rem|true|true\u00bb global_colors_info=\u00bb{}\u00bb]<\/p>\n<div class=\"sector-icon\">\n<img decoding=\"async\" src=\"https:\/\/vozdigital.net\/wp-content\/uploads\/2025\/05\/25-r4uv8q5tywfpmf0ath4zmsw7p7x33wt2k5cr9p5apg.png.png\" alt=\"\"><\/div>\n<h3>Inmobiliario<\/h3>\n<p>Atenci\u00f3n inmediata, visitas agendadas y CRM integrado.[\/et_pb_text][et_pb_button button_url=\u00bb@ET-DC@eyJkeW5hbWljIjp0cnVlLCJjb250ZW50IjoicG9zdF9saW5rX3VybF9wYWdlIiwic2V0dGluZ3MiOnsicG9zdF9pZCI6IjQ2MSJ9fQ==@\u00bb url_new_window=\u00bbon\u00bb button_text=\u00bbLeer m\u00e1s\u00bb button_alignment=\u00bbcenter\u00bb _builder_version=\u00bb4.27.4&#8243; _dynamic_attributes=\u00bbbutton_url\u00bb _module_preset=\u00bbdefault\u00bb custom_margin=\u00bb-60px||20px||false|false\u00bb hover_enabled=\u00bb0&#8243; locked=\u00bboff\u00bb global_colors_info=\u00bb{}\u00bb sticky_enabled=\u00bb0&#8243;][\/et_pb_button][\/et_pb_column][\/et_pb_row][\/et_pb_section][et_pb_section fb_built=\u00bb1&#8243; _builder_version=\u00bb4.27.4&#8243; _module_preset=\u00bbdefault\u00bb background_color=\u00bb#f3f3f3&#8243; locked=\u00bboff\u00bb global_colors_info=\u00bb{}\u00bb][et_pb_row column_structure=\u00bb1_4,1_4,1_4,1_4&#8243; make_equal=\u00bbon\u00bb _builder_version=\u00bb4.27.4&#8243; _module_preset=\u00bbdefault\u00bb custom_padding=\u00bb||0px|||\u00bb locked=\u00bboff\u00bb global_colors_info=\u00bb{}\u00bb][et_pb_column type=\u00bb1_4&#8243; _builder_version=\u00bb4.27.4&#8243; _module_preset=\u00bbdefault\u00bb background_color=\u00bb#FFFFFF\u00bb border_radii=\u00bbon|1rem|1rem|1rem|1rem\u00bb border_width_all=\u00bb1px\u00bb border_color_all=\u00bb#e5e7eb\u00bb box_shadow_style=\u00bbpreset1&#8243; box_shadow_blur=\u00bb5px\u00bb global_colors_info=\u00bb{}\u00bb border_color_all__hover_enabled=\u00bbon|desktop\u00bb border_color_all__hover=\u00bbrgba(0,153,229,0.2)\u00bb][et_pb_text _builder_version=\u00bb4.27.4&#8243; _module_preset=\u00bbdefault\u00bb header_3_font=\u00bb|700||on|||||\u00bb text_orientation=\u00bbcenter\u00bb custom_padding=\u00bb2rem|2rem|2rem|2rem|true|true\u00bb global_colors_info=\u00bb{}\u00bb]<\/p>\n<div class=\"sector-icon\">\n<img decoding=\"async\" src=\"https:\/\/vozdigital.net\/wp-content\/uploads\/2025\/05\/26-r4uv8szcjejkl8w7d0cvca6lhdj6r049kjb7pj146s.png.png\" alt=\"\"><\/div>\n<h3>seguros<\/h3>\n<p>Cotizaciones, reclamos y renovaciones automatizadas.[\/et_pb_text][et_pb_button button_url=\u00bb@ET-DC@eyJkeW5hbWljIjp0cnVlLCJjb250ZW50IjoicG9zdF9saW5rX3VybF9wYWdlIiwic2V0dGluZ3MiOnsicG9zdF9pZCI6IjQ1NSJ9fQ==@\u00bb url_new_window=\u00bbon\u00bb button_text=\u00bbLeer m\u00e1s\u00bb button_alignment=\u00bbcenter\u00bb _builder_version=\u00bb4.27.4&#8243; _dynamic_attributes=\u00bbbutton_url\u00bb _module_preset=\u00bbdefault\u00bb custom_margin=\u00bb-60px||20px||false|false\u00bb locked=\u00bboff\u00bb global_colors_info=\u00bb{}\u00bb][\/et_pb_button][\/et_pb_column][et_pb_column type=\u00bb1_4&#8243; _builder_version=\u00bb4.27.4&#8243; _module_preset=\u00bbdefault\u00bb background_color=\u00bb#FFFFFF\u00bb border_radii=\u00bbon|1rem|1rem|1rem|1rem\u00bb border_width_all=\u00bb1px\u00bb border_color_all=\u00bb#e5e7eb\u00bb box_shadow_style=\u00bbpreset1&#8243; box_shadow_blur=\u00bb5px\u00bb global_colors_info=\u00bb{}\u00bb border_color_all__hover=\u00bbrgba(0,153,229,0.2)\u00bb border_color_all__hover_enabled=\u00bbon|desktop\u00bb][et_pb_text _builder_version=\u00bb4.27.4&#8243; _module_preset=\u00bbdefault\u00bb header_3_font=\u00bb|700||on|||||\u00bb text_orientation=\u00bbcenter\u00bb custom_padding=\u00bb2rem|2rem|2rem|2rem|true|true\u00bb global_colors_info=\u00bb{}\u00bb]<\/p>\n<div class=\"sector-icon\">\n<img decoding=\"async\" src=\"https:\/\/vozdigital.net\/wp-content\/uploads\/2025\/05\/27-r4uv8vsv3wnfk2s3wjkr1rgz9j5ae3fgkx9o5cwxo4.png.png\" alt=\"\"><\/div>\n<h3>Gobierno<\/h3>\n<p>Comunicaci\u00f3n masiva segura y de alta disponibilidad.[\/et_pb_text][et_pb_button button_url=\u00bb@ET-DC@eyJkeW5hbWljIjp0cnVlLCJjb250ZW50IjoicG9zdF9saW5rX3VybF9wYWdlIiwic2V0dGluZ3MiOnsicG9zdF9pZCI6IjQ1OCJ9fQ==@\u00bb url_new_window=\u00bbon\u00bb button_text=\u00bbLeer m\u00e1s\u00bb button_alignment=\u00bbcenter\u00bb _builder_version=\u00bb4.27.4&#8243; _dynamic_attributes=\u00bbbutton_url\u00bb _module_preset=\u00bbdefault\u00bb custom_margin=\u00bb-60px||20px||false|false\u00bb locked=\u00bboff\u00bb global_colors_info=\u00bb{}\u00bb][\/et_pb_button][\/et_pb_column][et_pb_column type=\u00bb1_4&#8243; _builder_version=\u00bb4.27.4&#8243; _module_preset=\u00bbdefault\u00bb background_color=\u00bb#FFFFFF\u00bb border_radii=\u00bbon|1rem|1rem|1rem|1rem\u00bb border_width_all=\u00bb1px\u00bb border_color_all=\u00bb#e5e7eb\u00bb box_shadow_style=\u00bbpreset1&#8243; box_shadow_blur=\u00bb5px\u00bb global_colors_info=\u00bb{}\u00bb border_color_all__hover=\u00bbrgba(0,153,229,0.2)\u00bb border_color_all__hover_enabled=\u00bbon|desktop\u00bb][et_pb_text _builder_version=\u00bb4.27.4&#8243; _module_preset=\u00bbdefault\u00bb header_3_font=\u00bb|700||on|||||\u00bb text_orientation=\u00bbcenter\u00bb custom_padding=\u00bb2rem|2rem|2rem|2rem|true|true\u00bb global_colors_info=\u00bb{}\u00bb]<\/p>\n<div class=\"sector-icon\"><img decoding=\"async\" src=\"https:\/\/vozdigital.net\/wp-content\/uploads\/2025\/05\/Capa-1.png\" alt=\"\" \/><\/div>\n<h3>Ecommerce<\/h3>\n<p>Bots, WhatsApp y SMS para vender m\u00e1s y mejor.\u00a0<\/p>\n<p>[\/et_pb_text][et_pb_button button_url=\u00bb@ET-DC@eyJkeW5hbWljIjp0cnVlLCJjb250ZW50IjoicG9zdF9saW5rX3VybF9wYWdlIiwic2V0dGluZ3MiOnsicG9zdF9pZCI6IjQ0NyJ9fQ==@\u00bb url_new_window=\u00bbon\u00bb button_text=\u00bbLeer m\u00e1s\u00bb button_alignment=\u00bbcenter\u00bb _builder_version=\u00bb4.27.4&#8243; _dynamic_attributes=\u00bbbutton_url\u00bb _module_preset=\u00bbdefault\u00bb custom_margin=\u00bb-60px||20px||false|false\u00bb locked=\u00bboff\u00bb global_colors_info=\u00bb{}\u00bb][\/et_pb_button][\/et_pb_column][et_pb_column type=\u00bb1_4&#8243; _builder_version=\u00bb4.27.4&#8243; _module_preset=\u00bbdefault\u00bb background_color=\u00bb#FFFFFF\u00bb border_radii=\u00bbon|1rem|1rem|1rem|1rem\u00bb border_width_all=\u00bb1px\u00bb border_color_all=\u00bb#e5e7eb\u00bb box_shadow_style=\u00bbpreset1&#8243; box_shadow_blur=\u00bb5px\u00bb global_colors_info=\u00bb{}\u00bb border_color_all__hover=\u00bbrgba(0,153,229,0.2)\u00bb border_color_all__hover_enabled=\u00bbon|desktop\u00bb][et_pb_text _builder_version=\u00bb4.27.4&#8243; _module_preset=\u00bbdefault\u00bb header_3_font=\u00bb|700||on|||||\u00bb text_orientation=\u00bbcenter\u00bb custom_padding=\u00bb2rem|2rem|2rem|2rem|true|true\u00bb global_colors_info=\u00bb{}\u00bb]<\/p>\n<div class=\"sector-icon\">\n<img decoding=\"async\" src=\"https:\/\/vozdigital.net\/wp-content\/uploads\/2025\/05\/29-r4uv90i222tv64la53lvw8aa8gi4gky49kj3jqpyt0.png.png\" alt=\"\"><\/div>\n<h3>Educaci\u00f3n<\/h3>\n<p>Inscripciones, pagos y avisos con canales digitales.[\/et_pb_text][et_pb_button button_url=\u00bb@ET-DC@eyJkeW5hbWljIjp0cnVlLCJjb250ZW50IjoicG9zdF9saW5rX3VybF9wYWdlIiwic2V0dGluZ3MiOnsicG9zdF9pZCI6IjQ1MiJ9fQ==@\u00bb url_new_window=\u00bbon\u00bb button_text=\u00bbLeer m\u00e1s\u00bb button_alignment=\u00bbcenter\u00bb _builder_version=\u00bb4.27.4&#8243; _dynamic_attributes=\u00bbbutton_url\u00bb _module_preset=\u00bbdefault\u00bb custom_margin=\u00bb-60px||20px||false|false\u00bb locked=\u00bboff\u00bb global_colors_info=\u00bb{}\u00bb][\/et_pb_button][\/et_pb_column][\/et_pb_row][\/et_pb_section][et_pb_section fb_built=\u00bb1&#8243; _builder_version=\u00bb4.27.4&#8243; _module_preset=\u00bbdefault\u00bb use_background_color_gradient=\u00bbon\u00bb background_color_gradient_direction=\u00bb135deg\u00bb background_color_gradient_stops=\u00bb#6a3093 0%|#8a40c3 100%\u00bb custom_padding=\u00bb59px||59px||true|\u00bb top_divider_height=\u00bb52px\u00bb top_divider_repeat=\u00bb1x\u00bb custom_css_main_element=\u00bbtext-align: center\u00bb locked=\u00bboff\u00bb global_colors_info=\u00bb{}\u00bb][et_pb_row _builder_version=\u00bb4.27.4&#8243; _module_preset=\u00bbdefault\u00bb custom_padding=\u00bb||23px|||\u00bb global_colors_info=\u00bb{}\u00bb][et_pb_column type=\u00bb4_4&#8243; _builder_version=\u00bb4.27.4&#8243; _module_preset=\u00bbdefault\u00bb global_colors_info=\u00bb{}\u00bb][et_pb_text _builder_version=\u00bb4.27.4&#8243; _module_preset=\u00bbdefault\u00bb text_text_color=\u00bb#FFFFFF\u00bb text_font_size=\u00bb1rem\u00bb header_text_color=\u00bb#FFFFFF\u00bb header_2_font=\u00bb|700|||||||\u00bb header_2_text_color=\u00bb#FFFFFF\u00bb header_2_font_size=\u00bb3rem\u00bb header_2_line_height=\u00bb1.2em\u00bb text_orientation=\u00bbcenter\u00bb global_colors_info=\u00bb{}\u00bb]<\/p>\n<h2>Soporte y cobertura<\/h2>\n<p>Infraestructura robusta en LATAM &#8211; Alta disponibilidad &#8211; Soporte cercano y soluciones escalables<\/p>\n<p>[\/et_pb_text][\/et_pb_column][\/et_pb_row][et_pb_row _builder_version=\u00bb4.27.4&#8243; _module_preset=\u00bbdefault\u00bb custom_padding=\u00bb0px|||||\u00bb global_colors_info=\u00bb{}\u00bb][et_pb_column type=\u00bb4_4&#8243; _builder_version=\u00bb4.27.4&#8243; _module_preset=\u00bbdefault\u00bb global_colors_info=\u00bb{}\u00bb][et_pb_code _builder_version=\u00bb4.27.4&#8243; _module_preset=\u00bbdefault\u00bb custom_margin=\u00bb-44px|||||\u00bb global_colors_info=\u00bb{}\u00bb]<\/p>\n<div class=\"container-lila\">      <!-- [et_pb_line_break_holder] -->      <\/p>\n<div class=\"country-tags\"><!-- [et_pb_line_break_holder] -->        <\/p>\n<div class=\"country-tag\">Argentina<\/div>\n<p><!-- [et_pb_line_break_holder] -->        <\/p>\n<div class=\"country-tag\">Colombia<\/div>\n<p><!-- [et_pb_line_break_holder] -->        <\/p>\n<div class=\"country-tag\">M\u00e9xico<\/div>\n<p><!-- [et_pb_line_break_holder] -->        <\/p>\n<div class=\"country-tag\">Chile<\/div>\n<p><!-- [et_pb_line_break_holder] -->        <\/p>\n<div class=\"country-tag\">Per\u00fa<\/div>\n<p><!-- [et_pb_line_break_holder] -->        <\/p>\n<div class=\"country-tag\">EEUU<\/div>\n<p><!-- [et_pb_line_break_holder] -->      <\/div>\n<p><!-- [et_pb_line_break_holder] -->      <!-- [et_pb_line_break_holder] -->      <a href=\"#contacto\" class=\"btn\" style=\"background-color: white; color: #6a3093;\">Quiero ser partner<\/a><!-- [et_pb_line_break_holder] -->    <\/div>\n<p>[\/et_pb_code][\/et_pb_column][\/et_pb_row][\/et_pb_section]<\/p>\n","protected":false},"excerpt":{"rendered":"<p>SOLUCIONES DISE\u00d1ADAS PARA CADA INDUSTRIA, EN CADA ETAPA DEL NEGOCIO Vozdigital impulsa la comunicaci\u00f3n en todas las etapas del recorrido del cliente: desde la atracci\u00f3n y conversi\u00f3n hasta la atenci\u00f3n y fidelizaci\u00f3n.Una plataforma omnicanal que integra voz, mensajer\u00eda y automatizaci\u00f3n para marketing, ventas, soporte y operaciones, en cualquier industria.Conectamos a las empresas con sus clientes, [&hellip;]<\/p>\n","protected":false},"author":1,"featured_media":0,"parent":78,"menu_order":0,"comment_status":"closed","ping_status":"closed","template":"","meta":{"_et_pb_use_builder":"on","_et_pb_old_content":"","_et_gb_content_width":"","_joinchat":[],"footnotes":""},"class_list":["post-483","page","type-page","status-publish","hentry"],"_links":{"self":[{"href":"https:\/\/vozdigital.net\/index.php\/wp-json\/wp\/v2\/pages\/483","targetHints":{"allow":["GET"]}}],"collection":[{"href":"https:\/\/vozdigital.net\/index.php\/wp-json\/wp\/v2\/pages"}],"about":[{"href":"https:\/\/vozdigital.net\/index.php\/wp-json\/wp\/v2\/types\/page"}],"author":[{"embeddable":true,"href":"https:\/\/vozdigital.net\/index.php\/wp-json\/wp\/v2\/users\/1"}],"replies":[{"embeddable":true,"href":"https:\/\/vozdigital.net\/index.php\/wp-json\/wp\/v2\/comments?post=483"}],"version-history":[{"count":5,"href":"https:\/\/vozdigital.net\/index.php\/wp-json\/wp\/v2\/pages\/483\/revisions"}],"predecessor-version":[{"id":507,"href":"https:\/\/vozdigital.net\/index.php\/wp-json\/wp\/v2\/pages\/483\/revisions\/507"}],"up":[{"embeddable":true,"href":"https:\/\/vozdigital.net\/index.php\/wp-json\/wp\/v2\/pages\/78"}],"wp:attachment":[{"href":"https:\/\/vozdigital.net\/index.php\/wp-json\/wp\/v2\/media?parent=483"}],"curies":[{"name":"wp","href":"https:\/\/api.w.org\/{rel}","templated":true}]}}