{"id":217,"date":"2025-10-20T02:22:37","date_gmt":"2025-10-20T02:22:37","guid":{"rendered":"https:\/\/vozdigital.net\/?page_id=217"},"modified":"2025-10-21T15:57:06","modified_gmt":"2025-10-21T15:57:06","slug":"partners-2","status":"publish","type":"page","link":"https:\/\/vozdigital.net\/index.php\/partners-2\/","title":{"rendered":"PARTNERS"},"content":{"rendered":"<p>[et_pb_section fb_built=\u00bb1&#8243; next_background_color=\u00bb#ffffff\u00bb _builder_version=\u00bb4.27.4&#8243; _module_preset=\u00bbdefault\u00bb background_color=\u00bb#0099e5&#8243; use_background_color_gradient=\u00bbon\u00bb background_color_gradient_direction=\u00bb135deg\u00bb background_color_gradient_stops=\u00bb#0077b3 0%|#0099e5 100%\u00bb background_image=\u00bbhttps:\/\/vozdigital.net\/wp-content\/uploads\/2025\/05\/Recurso-1.png\u00bb background_size=\u00bbinitial\u00bb background_position=\u00bbtop_left\u00bb background_blend=\u00bbsoft-light\u00bb custom_padding=\u00bb0px||100px|||\u00bb bottom_divider_style=\u00bbarrow2&#8243; bottom_divider_height=\u00bb74px\u00bb bottom_divider_repeat=\u00bb1x\u00bb locked=\u00bboff\u00bb global_colors_info=\u00bb{}\u00bb][et_pb_row column_structure=\u00bb1_2,1_2&#8243; _builder_version=\u00bb4.27.4&#8243; _module_preset=\u00bbdefault\u00bb global_colors_info=\u00bb{}\u00bb][et_pb_column type=\u00bb1_2&#8243; _builder_version=\u00bb4.27.4&#8243; _module_preset=\u00bbdefault\u00bb global_colors_info=\u00bb{}\u00bb][et_pb_text _builder_version=\u00bb4.27.4&#8243; _module_preset=\u00bbdefault\u00bb text_font=\u00bb||||||||\u00bb text_text_color=\u00bb#FFFFFF\u00bb text_font_size=\u00bb16px\u00bb header_font=\u00bb|700|||||||\u00bb header_text_color=\u00bb#FFFFFF\u00bb header_font_size=\u00bb50px\u00bb header_line_height=\u00bb1.2em\u00bb custom_margin=\u00bb55px|||||\u00bb animation_style=\u00bbfade\u00bb header_font_size_tablet=\u00bb50px\u00bb header_font_size_phone=\u00bb41px\u00bb header_font_size_last_edited=\u00bbon|phone\u00bb global_colors_info=\u00bb{}\u00bb]<\/p>\n<h1>PARTNERS<\/h1>\n<p>Expande tu soluci\u00f3n. Nosotros ponemos la telefon\u00eda, t\u00fa el valor agregado.<\/p>\n<p>[\/et_pb_text][et_pb_button button_url=\u00bbhttps:\/\/5b6b833b.sibforms.com\/serve\/MUIFABJN1Fwk0hJOJhoHOqkWRfFsZdOFNwH3bO2cnVLvJak0_bCTc2OcgZkybuevamlf6dnTwfeJ4NxWiHYWEIi8mHlDKibXknus1ZAbagpwJaJ9m6VCbdF0_m-bKFjSGExM3305Hmx-f3lkhhijzAHC6vE6d6zzSTyO8aqx09JFOVqt9aWgf2ELgtU6btaPaUQTKEjGeNrevGBk\u00bb button_text=\u00bbSolicitar demo\u00bb button_alignment=\u00bbleft\u00bb _builder_version=\u00bb4.27.4&#8243; _module_preset=\u00bbdefault\u00bb custom_button=\u00bbon\u00bb button_text_size=\u00bb16px\u00bb button_text_color=\u00bb#FFFFFF\u00bb button_bg_color=\u00bb#c4007a\u00bb button_border_width=\u00bb0px\u00bb button_border_radius=\u00bb10px\u00bb button_font=\u00bb|600|||||||\u00bb button_use_icon=\u00bboff\u00bb custom_padding=\u00bb12px|25px|12px|25px|true|true\u00bb animation_style=\u00bbfade\u00bb locked=\u00bboff\u00bb global_colors_info=\u00bb{}\u00bb button_bg_color__hover_enabled=\u00bbon|hover\u00bb button_bg_color__hover=\u00bb#a30066&#8243; button_bg_enable_color__hover=\u00bbon\u00bb][\/et_pb_button][\/et_pb_column][et_pb_column type=\u00bb1_2&#8243; _builder_version=\u00bb4.27.4&#8243; _module_preset=\u00bbdefault\u00bb global_colors_info=\u00bb{}\u00bb][et_pb_image src=\u00bbhttps:\/\/vozdigital.net\/wp-content\/uploads\/2025\/10\/PARTNERS-1.png\u00bb title_text=\u00bbPARTNERS\u00bb _builder_version=\u00bb4.27.4&#8243; _module_preset=\u00bbdefault\u00bb custom_padding=\u00bb0px|||||\u00bb animation_style=\u00bbfade\u00bb global_colors_info=\u00bb{}\u00bb][\/et_pb_image][\/et_pb_column][\/et_pb_row][\/et_pb_section][et_pb_section fb_built=\u00bb1&#8243; module_id=\u00bbsoluciones\u00bb _builder_version=\u00bb4.27.4&#8243; _module_preset=\u00bbdefault\u00bb locked=\u00bboff\u00bb global_colors_info=\u00bb{}\u00bb][et_pb_row _builder_version=\u00bb4.27.4&#8243; _module_preset=\u00bbdefault\u00bb global_colors_info=\u00bb{}\u00bb][et_pb_column type=\u00bb4_4&#8243; _builder_version=\u00bb4.27.4&#8243; _module_preset=\u00bbdefault\u00bb global_colors_info=\u00bb{}\u00bb][et_pb_text _builder_version=\u00bb4.27.4&#8243; _module_preset=\u00bbdefault\u00bb text_font_size=\u00bb1.25rem\u00bb header_2_font=\u00bb|700|||||||\u00bb header_2_text_color=\u00bb#008EFF\u00bb header_2_font_size=\u00bb3rem\u00bb header_2_line_height=\u00bb1.2em\u00bb text_orientation=\u00bbcenter\u00bb global_colors_info=\u00bb{}\u00bb]<\/p>\n<h2><strong data-start=\"803\" data-end=\"886\">Asociarte con Vozdigital es crecer m\u00e1s r\u00e1pido, con respaldo y alcance regional.<\/strong><\/h2>\n<p>S\u00famate al ecosistema de partners que ya crece en Latinoam\u00e9rica y Estados Unidos. Integra voz, numeraci\u00f3n y facturaci\u00f3n local sin invertir en infraestructura ni tramitar licencias.<\/p>\n<p>[\/et_pb_text][\/et_pb_column][\/et_pb_row][et_pb_row column_structure=\u00bb1_2,1_2&#8243; make_equal=\u00bbon\u00bb _builder_version=\u00bb4.27.4&#8243; _module_preset=\u00bbdefault\u00bb hover_enabled=\u00bb0&#8243; global_colors_info=\u00bb{}\u00bb sticky_enabled=\u00bb0&#8243;][et_pb_column type=\u00bb1_2&#8243; _builder_version=\u00bb4.27.4&#8243; _module_preset=\u00bbdefault\u00bb global_colors_info=\u00bb{}\u00bb][et_pb_code _builder_version=\u00bb4.27.4&#8243; _module_preset=\u00bbdefault\u00bb global_colors_info=\u00bb{}\u00bb]<\/p>\n<div class=\"solution-content\"><!-- [et_pb_line_break_holder] -->         <!-- [et_pb_line_break_holder] -->          <\/p>\n<h3>\u00bfPor qu\u00e9 asociarte con Vozdigital?<\/h3>\n<p><!-- [et_pb_line_break_holder] -->          <!-- [et_pb_line_break_holder] -->          <\/p>\n<ul class=\"check-list\"><!-- [et_pb_line_break_holder] -->            <\/p>\n<li><!-- [et_pb_line_break_holder] -->\n<div class=\"check-icon check-pink\">\u2713<\/div>\n<p><!-- [et_pb_line_break_holder] -->              <span>No inviertes en infraestructura.<\/span><!-- [et_pb_line_break_holder] -->            <\/li>\n<p><!-- [et_pb_line_break_holder] -->            <\/p>\n<li><!-- [et_pb_line_break_holder] -->\n<div class=\"check-icon check-pink\">\u2713<\/div>\n<p><!-- [et_pb_line_break_holder] -->              <span>Operas legalmente en 5 pa\u00edses.<\/span><!-- [et_pb_line_break_holder] -->            <\/li>\n<p><!-- [et_pb_line_break_holder] -->            <\/p>\n<li><!-- [et_pb_line_break_holder] -->\n<div class=\"check-icon check-pink\">\u2713<\/div>\n<p><!-- [et_pb_line_break_holder] -->              <span>Sumas un nuevo flujo de ingresos.<\/span><!-- [et_pb_line_break_holder] -->            <\/li>\n<p><!-- [et_pb_line_break_holder] -->            <\/p>\n<li><!-- [et_pb_line_break_holder] -->\n<div class=\"check-icon check-pink\">\u2713<\/div>\n<p><!-- [et_pb_line_break_holder] -->              <span>Ofreces m\u00e1s, sin complicarte.<\/span><!-- [et_pb_line_break_holder] -->            <\/li>\n<p><!-- [et_pb_line_break_holder] -->            <\/p>\n<li><!-- [et_pb_line_break_holder] -->\n<div class=\"check-icon check-pink\">\u2713<\/div>\n<p><!-- [et_pb_line_break_holder] -->              <span>Te enfocas en lo que sab\u00e9s hacer.<\/span><!-- [et_pb_line_break_holder] -->            <\/li>\n<p><!-- [et_pb_line_break_holder] -->            <\/p>\n<li><!-- [et_pb_line_break_holder] -->\n<div class=\"check-icon check-pink\">\u2713<\/div>\n<p><!-- [et_pb_line_break_holder] -->              <span>Nosotros nos ocupamos del resto.<\/span><!-- [et_pb_line_break_holder] -->            <\/li>\n<p><!-- [et_pb_line_break_holder] -->          <\/ul>\n<p><!-- [et_pb_line_break_holder] -->          <!-- [et_pb_line_break_holder] -->          <\/p>\n<div style=\"margin-top: 1.5rem;\"><!-- [et_pb_line_break_holder] -->            <a href=\"https:\/\/5b6b833b.sibforms.com\/serve\/MUIFADPkiFU457r_VTj4UCkNe6HeUynFHfmybZpABYMfGSipclReDCDyTfMzh3les8jZLu2d1tfYCV8M1i-4EtkT2FAEy6nooDClUmx4PBRZ6NyjMylCU47YQOQ4yosQxd_JU0039VqKVt60w-eJCZUidqnrXFLx56ERHonKKVDJGOuwN93LrOpWaw0QLCGN33YT47vGFQ7j1Dw_\" class=\"btn btn-secondary\">Solicitar m\u00e1s info<\/a><!-- [et_pb_line_break_holder] -->          <\/div>\n<p><!-- [et_pb_line_break_holder] -->        <\/div>\n<p>[\/et_pb_code][\/et_pb_column][et_pb_column type=\u00bb1_2&#8243; _builder_version=\u00bb4.27.4&#8243; _module_preset=\u00bbdefault\u00bb background_image=\u00bbhttps:\/\/vozdigital.net\/wp-content\/uploads\/2025\/10\/224.png\u00bb background_size=\u00bbcustom\u00bb background_image_width=\u00bb50%\u00bb hover_enabled=\u00bb0&#8243; global_colors_info=\u00bb{}\u00bb sticky_enabled=\u00bb0&#8243;][et_pb_image src=\u00bbhttps:\/\/vozdigital.net\/wp-content\/uploads\/2025\/10\/224.png\u00bb title_text=\u00bb224&#8243; disabled_on=\u00bboff|off|on\u00bb _builder_version=\u00bb4.27.4&#8243; _module_preset=\u00bbdefault\u00bb hover_enabled=\u00bb0&#8243; global_colors_info=\u00bb{}\u00bb width=\u00bb50%\u00bb sticky_enabled=\u00bb0&#8243;][\/et_pb_image][\/et_pb_column][\/et_pb_row][\/et_pb_section][et_pb_section fb_built=\u00bb1&#8243; _builder_version=\u00bb4.27.4&#8243; _module_preset=\u00bbdefault\u00bb background_color=\u00bb#f3f3f3&#8243; locked=\u00bboff\u00bb global_colors_info=\u00bb{}\u00bb][et_pb_row column_structure=\u00bb1_2,1_2&#8243; make_equal=\u00bbon\u00bb _builder_version=\u00bb4.27.4&#8243; _module_preset=\u00bbdefault\u00bb global_colors_info=\u00bb{}\u00bb][et_pb_column type=\u00bb1_2&#8243; _builder_version=\u00bb4.27.4&#8243; _module_preset=\u00bbdefault\u00bb background_image=\u00bbhttps:\/\/vozdigital.net\/wp-content\/uploads\/2025\/10\/VOZDIGITAL-RECURSOS-PARA-PRESENTACIONESq.png\u00bb background_size=\u00bbcontain\u00bb global_colors_info=\u00bb{}\u00bb][\/et_pb_column][et_pb_column type=\u00bb1_2&#8243; _builder_version=\u00bb4.27.4&#8243; _module_preset=\u00bbdefault\u00bb global_colors_info=\u00bb{}\u00bb][et_pb_code _builder_version=\u00bb4.27.4&#8243; _module_preset=\u00bbdefault\u00bb global_colors_info=\u00bb{}\u00bb]<\/p>\n<div class=\"solution-content\"><!-- [et_pb_line_break_holder] -->          <\/p>\n<h3>\u00bfA qui\u00e9n ayudamos?<\/h3>\n<p><!-- [et_pb_line_break_holder] -->          <!-- [et_pb_line_break_holder] -->          <\/p>\n<ul class=\"check-list\"><!-- [et_pb_line_break_holder] -->            <\/p>\n<li><!-- [et_pb_line_break_holder] -->\n<div class=\"check-icon check-blue\">\u2713<\/div>\n<p> <span>Desarrolladores de software CX, CRMs o plataformas omnicanal.<\/span><!-- [et_pb_line_break_holder] -->            <\/li>\n<p><!-- [et_pb_line_break_holder] -->            <\/p>\n<li><!-- [et_pb_line_break_holder] -->\n<div class=\"check-icon check-blue\">\u2713<\/div>\n<p><!-- [et_pb_line_break_holder] -->              <span>Proveedores de servicios BPO o Contact Centers.<\/span><!-- [et_pb_line_break_holder] -->            <\/li>\n<p><!-- [et_pb_line_break_holder] -->            <\/p>\n<li><!-- [et_pb_line_break_holder] -->\n<div class=\"check-icon check-blue\">\u2713<\/div>\n<p><!-- [et_pb_line_break_holder] -->              <span>Integradores tecnol\u00f3gicos con presencia regional.<\/span><!-- [et_pb_line_break_holder] -->            <\/li>\n<p><!-- [et_pb_line_break_holder] -->            <!-- [et_pb_line_break_holder] -->          <\/ul>\n<p><!-- [et_pb_line_break_holder] -->          <!-- [et_pb_line_break_holder] -->          <\/p>\n<div style=\"margin-top: 1.5rem;\"><!-- [et_pb_line_break_holder] -->            <a href=\"#contacto\" class=\"btn btn-primary\">Conocer m\u00e1s<\/a><!-- [et_pb_line_break_holder] -->          <\/div>\n<p><!-- [et_pb_line_break_holder] -->        <\/div>\n<p>[\/et_pb_code][et_pb_image src=\u00bbhttps:\/\/vozdigital.net\/wp-content\/uploads\/2025\/10\/VOZDIGITAL-RECURSOS-PARA-PRESENTACIONESq.png\u00bb title_text=\u00bbVOZDIGITAL &#8211; RECURSOS PARA PRESENTACIONESq\u00bb disabled_on=\u00bboff|off|on\u00bb _builder_version=\u00bb4.27.4&#8243; _module_preset=\u00bbdefault\u00bb global_colors_info=\u00bb{}\u00bb][\/et_pb_image][\/et_pb_column][\/et_pb_row][\/et_pb_section][et_pb_section fb_built=\u00bb1&#8243; _builder_version=\u00bb4.27.4&#8243; _module_preset=\u00bbdefault\u00bb locked=\u00bboff\u00bb global_colors_info=\u00bb{}\u00bb][et_pb_row column_structure=\u00bb1_2,1_2&#8243; make_equal=\u00bbon\u00bb _builder_version=\u00bb4.27.4&#8243; _module_preset=\u00bbdefault\u00bb global_colors_info=\u00bb{}\u00bb][et_pb_column type=\u00bb1_2&#8243; _builder_version=\u00bb4.27.4&#8243; _module_preset=\u00bbdefault\u00bb global_colors_info=\u00bb{}\u00bb][et_pb_code _builder_version=\u00bb4.27.4&#8243; _module_preset=\u00bbdefault\u00bb global_colors_info=\u00bb{}\u00bb]<\/p>\n<div class=\"solution-content\"><!-- [et_pb_line_break_holder] -->          <!-- [et_pb_line_break_holder] -->          <\/p>\n<h3>Beneficios inmediatos<\/h3>\n<p><!-- [et_pb_line_break_holder] -->          <!-- [et_pb_line_break_holder] -->          <\/p>\n<ul class=\"check-list\"><!-- [et_pb_line_break_holder] -->            <\/p>\n<li><!-- [et_pb_line_break_holder] -->\n<div class=\"check-icon check-lila\">\u2713<\/div>\n<p> <span><strong>Ofrece telefon\u00eda local, sin montarla.<\/strong> Accede a numeraci\u00f3n y servicios regulados en Chile, Argentina, Per\u00fa, Colombia y EE.UU., sin infraestructura ni licencias propias.<\/span><!-- [et_pb_line_break_holder] -->            <\/li>\n<p><!-- [et_pb_line_break_holder] -->                 <\/p>\n<li><!-- [et_pb_line_break_holder] -->\n<div class=\"check-icon check-lila\">\u2713<\/div>\n<p> <span><strong>Factura como local desde el primer d\u00eda.<\/strong>Emitimos facturaci\u00f3n local a nombre de tu empresa o como servicio tercerizado. T\u00fa decides el modelo comercial.<\/span><!-- [et_pb_line_break_holder] -->            <\/li>\n<p><!-- [et_pb_line_break_holder] -->                  <\/p>\n<li><!-- [et_pb_line_break_holder] -->\n<div class=\"check-icon check-lila\">\u2713<\/div>\n<p> <span><strong>Integra en d\u00edas, no en meses.<\/strong> Conectamos por SIP, APIs o vPBX, sin modificar tu arquitectura actual.<\/span><!-- [et_pb_line_break_holder] -->            <\/li>\n<p><!-- [et_pb_line_break_holder] -->          <\/ul>\n<p><!-- [et_pb_line_break_holder] -->          <\/p>\n<h4>Esto no es tercerizar. Es aliarse para crecer m\u00e1s r\u00e1pido.<\/h4>\n<p><!-- [et_pb_line_break_holder] -->          <\/p>\n<div style=\"margin-top: 1.5rem;\"><!-- [et_pb_line_break_holder] -->            <a href=\"#contacto\" class=\"btn btn-terciary\">Consultar<\/a><!-- [et_pb_line_break_holder] -->          <\/div>\n<p><!-- [et_pb_line_break_holder] -->        <\/div>\n<p>[\/et_pb_code][\/et_pb_column][et_pb_column type=\u00bb1_2&#8243; _builder_version=\u00bb4.27.4&#8243; _module_preset=\u00bbdefault\u00bb background_image=\u00bbhttps:\/\/vozdigital.net\/wp-content\/uploads\/2025\/10\/223-1.png\u00bb background_size=\u00bbcontain\u00bb global_colors_info=\u00bb{}\u00bb][et_pb_image src=\u00bbhttps:\/\/vozdigital.net\/wp-content\/uploads\/2025\/10\/223-1.png\u00bb title_text=\u00bb223&#8243; disabled_on=\u00bboff|off|on\u00bb _builder_version=\u00bb4.27.4&#8243; _module_preset=\u00bbdefault\u00bb global_colors_info=\u00bb{}\u00bb][\/et_pb_image][\/et_pb_column][\/et_pb_row][\/et_pb_section][et_pb_section fb_built=\u00bb1&#8243; _builder_version=\u00bb4.27.4&#8243; _module_preset=\u00bbdefault\u00bb use_background_color_gradient=\u00bbon\u00bb background_color_gradient_direction=\u00bb135deg\u00bb background_color_gradient_stops=\u00bb#6a3093 0%|#8a40c3 100%\u00bb custom_padding=\u00bb59px||59px||true|\u00bb top_divider_height=\u00bb52px\u00bb top_divider_repeat=\u00bb1x\u00bb custom_css_main_element=\u00bbtext-align: center\u00bb locked=\u00bboff\u00bb global_colors_info=\u00bb{}\u00bb][et_pb_row _builder_version=\u00bb4.27.4&#8243; _module_preset=\u00bbdefault\u00bb custom_padding=\u00bb||23px|||\u00bb global_colors_info=\u00bb{}\u00bb][et_pb_column type=\u00bb4_4&#8243; _builder_version=\u00bb4.27.4&#8243; _module_preset=\u00bbdefault\u00bb global_colors_info=\u00bb{}\u00bb][et_pb_text _builder_version=\u00bb4.27.4&#8243; _module_preset=\u00bbdefault\u00bb text_text_color=\u00bb#FFFFFF\u00bb text_font_size=\u00bb1rem\u00bb header_text_color=\u00bb#FFFFFF\u00bb header_2_font=\u00bb|700|||||||\u00bb header_2_text_color=\u00bb#FFFFFF\u00bb header_2_font_size=\u00bb3rem\u00bb header_2_line_height=\u00bb1.2em\u00bb text_orientation=\u00bbcenter\u00bb global_colors_info=\u00bb{}\u00bb]<\/p>\n<h2>Soporte y cobertura<\/h2>\n<p>Infraestructura robusta en LATAM &#8211; Alta disponibilidad &#8211; Soporte cercano y soluciones escalables<\/p>\n<p>[\/et_pb_text][\/et_pb_column][\/et_pb_row][et_pb_row _builder_version=\u00bb4.27.4&#8243; _module_preset=\u00bbdefault\u00bb custom_padding=\u00bb0px|||||\u00bb global_colors_info=\u00bb{}\u00bb][et_pb_column type=\u00bb4_4&#8243; _builder_version=\u00bb4.27.4&#8243; _module_preset=\u00bbdefault\u00bb global_colors_info=\u00bb{}\u00bb][et_pb_code _builder_version=\u00bb4.27.4&#8243; _module_preset=\u00bbdefault\u00bb custom_margin=\u00bb-44px|||||\u00bb global_colors_info=\u00bb{}\u00bb]<\/p>\n<div class=\"container-lila\">      <!-- [et_pb_line_break_holder] -->      <\/p>\n<div class=\"country-tags\"><!-- [et_pb_line_break_holder] -->        <\/p>\n<div class=\"country-tag\">Argentina<\/div>\n<p><!-- [et_pb_line_break_holder] -->        <\/p>\n<div class=\"country-tag\">Colombia<\/div>\n<p><!-- [et_pb_line_break_holder] -->        <\/p>\n<div class=\"country-tag\">M\u00e9xico<\/div>\n<p><!-- [et_pb_line_break_holder] -->        <\/p>\n<div class=\"country-tag\">Chile<\/div>\n<p><!-- [et_pb_line_break_holder] -->        <\/p>\n<div class=\"country-tag\">Per\u00fa<\/div>\n<p><!-- [et_pb_line_break_holder] -->        <\/p>\n<div class=\"country-tag\">EEUU<\/div>\n<p><!-- [et_pb_line_break_holder] -->      <\/div>\n<p><!-- [et_pb_line_break_holder] -->      <!-- [et_pb_line_break_holder] -->      <a href=\"#contacto\" class=\"btn\" style=\"background-color: white; color: #6a3093;\">Quiero ser partner<\/a><!-- [et_pb_line_break_holder] -->    <\/div>\n<p>[\/et_pb_code][\/et_pb_column][\/et_pb_row][\/et_pb_section]<\/p>\n","protected":false},"excerpt":{"rendered":"<p>PARTNERS Expande tu soluci\u00f3n. Nosotros ponemos la telefon\u00eda, t\u00fa el valor agregado.Asociarte con Vozdigital es crecer m\u00e1s r\u00e1pido, con respaldo y alcance regional. S\u00famate al ecosistema de partners que ya crece en Latinoam\u00e9rica y Estados Unidos. Integra voz, numeraci\u00f3n y facturaci\u00f3n local sin invertir en infraestructura ni tramitar licencias.Soporte y cobertura Infraestructura robusta en LATAM [&hellip;]<\/p>\n","protected":false},"author":2,"featured_media":0,"parent":0,"menu_order":0,"comment_status":"closed","ping_status":"closed","template":"","meta":{"_et_pb_use_builder":"on","_et_pb_old_content":"","_et_gb_content_width":"","_joinchat":[],"footnotes":""},"class_list":["post-217","page","type-page","status-publish","hentry"],"_links":{"self":[{"href":"https:\/\/vozdigital.net\/index.php\/wp-json\/wp\/v2\/pages\/217","targetHints":{"allow":["GET"]}}],"collection":[{"href":"https:\/\/vozdigital.net\/index.php\/wp-json\/wp\/v2\/pages"}],"about":[{"href":"https:\/\/vozdigital.net\/index.php\/wp-json\/wp\/v2\/types\/page"}],"author":[{"embeddable":true,"href":"https:\/\/vozdigital.net\/index.php\/wp-json\/wp\/v2\/users\/2"}],"replies":[{"embeddable":true,"href":"https:\/\/vozdigital.net\/index.php\/wp-json\/wp\/v2\/comments?post=217"}],"version-history":[{"count":7,"href":"https:\/\/vozdigital.net\/index.php\/wp-json\/wp\/v2\/pages\/217\/revisions"}],"predecessor-version":[{"id":482,"href":"https:\/\/vozdigital.net\/index.php\/wp-json\/wp\/v2\/pages\/217\/revisions\/482"}],"wp:attachment":[{"href":"https:\/\/vozdigital.net\/index.php\/wp-json\/wp\/v2\/media?parent=217"}],"curies":[{"name":"wp","href":"https:\/\/api.w.org\/{rel}","templated":true}]}}